{"id":4544,"date":"2022-10-20T16:47:34","date_gmt":"2022-10-20T14:47:34","guid":{"rendered":"https:\/\/englemond.com\/?page_id=4544"},"modified":"2023-04-25T11:07:44","modified_gmt":"2023-04-25T09:07:44","slug":"contactez-nous","status":"publish","type":"page","link":"https:\/\/englemond.com\/en\/contactez-nous\/","title":{"rendered":"Contact"},"content":{"rendered":"<div style=\"margin-top: 0px; margin-bottom: 0px;\" class=\"sharethis-inline-share-buttons\" ><\/div><div class=\"vc_row wpb_row vc_row-fluid\"><div class=\"wpb_column vc_column_container vc_col-sm-12\"><div class=\"vc_column-inner vc_custom_1666360368756\"><div class=\"wpb_wrapper\"><h1 style=\"text-align: center;font-family:Abril Fatface;font-weight:400;font-style:normal\" class=\"vc_custom_heading\" >Contact us!<\/h1><\/div><\/div><\/div><\/div><div class=\"vc_row wpb_row vc_row-fluid\"><div class=\"wpb_column vc_column_container vc_col-sm-12\"><div class=\"vc_column-inner vc_custom_1666360378158\"><div class=\"wpb_wrapper\">\n\t<div class=\"wpb_text_column wpb_content_element\" >\n\t\t<div class=\"wpb_wrapper\">\n\t\t\t<div role=\"form\" class=\"wpcf7\" id=\"wpcf7-f4547-o1\" lang=\"fr-FR\" dir=\"ltr\">\n<div class=\"screen-reader-response\"><p role=\"status\" aria-live=\"polite\" aria-atomic=\"true\"><\/p> <ul><\/ul><\/div>\n<form action=\"\/en\/wp-json\/wp\/v2\/pages\/4544#wpcf7-f4547-o1\" method=\"post\" class=\"wpcf7-form init\" novalidate=\"novalidate\" data-status=\"init\" data-trp-original-action=\"\/en\/wp-json\/wp\/v2\/pages\/4544#wpcf7-f4547-o1\">\n<div style=\"display: none;\">\n<input type=\"hidden\" name=\"_wpcf7\" value=\"4547\" \/>\n<input type=\"hidden\" name=\"_wpcf7_version\" value=\"5.6.4\" \/>\n<input type=\"hidden\" name=\"_wpcf7_locale\" value=\"fr_FR\" \/>\n<input type=\"hidden\" name=\"_wpcf7_unit_tag\" value=\"wpcf7-f4547-o1\" \/>\n<input type=\"hidden\" name=\"_wpcf7_container_post\" value=\"0\" \/>\n<input type=\"hidden\" name=\"_wpcf7_posted_data_hash\" value=\"\" \/>\n<\/div>\n<p><span class=\"wpcf7-form-control-wrap\" data-name=\"your-name\"><input type=\"text\" name=\"your-name\" value=\"\" size=\"40\" class=\"wpcf7-form-control wpcf7-text wpcf7-validates-as-required form-control\" aria-required=\"true\" aria-invalid=\"false\" placeholder=\"Name\" \/><\/span><\/p>\n<p><span class=\"wpcf7-form-control-wrap\" data-name=\"your-prenom\"><input type=\"text\" name=\"your-prenom\" value=\"\" size=\"40\" class=\"wpcf7-form-control wpcf7-text wpcf7-validates-as-required form-control\" aria-required=\"true\" aria-invalid=\"false\" placeholder=\"Surname\" \/><\/span><\/p>\n<p><span class=\"wpcf7-form-control-wrap\" data-name=\"your-subject\"><input type=\"text\" name=\"your-subject\" value=\"\" size=\"40\" class=\"wpcf7-form-control wpcf7-text wpcf7-validates-as-required form-control\" aria-required=\"true\" aria-invalid=\"false\" placeholder=\"Subject\" \/><\/span><\/p>\n<p><span class=\"wpcf7-form-control-wrap\" data-name=\"your-email\"><input type=\"email\" name=\"your-email\" value=\"\" size=\"40\" class=\"wpcf7-form-control wpcf7-text wpcf7-email wpcf7-validates-as-required wpcf7-validates-as-email form-control\" aria-required=\"true\" aria-invalid=\"false\" placeholder=\"E-mail\" \/><\/span><\/p>\n<p><span class=\"wpcf7-form-control-wrap\" data-name=\"your-tel\"><input type=\"tel\" name=\"your-tel\" value=\"\" size=\"40\" class=\"wpcf7-form-control wpcf7-text wpcf7-tel wpcf7-validates-as-required wpcf7-validates-as-tel form-control\" aria-required=\"true\" aria-invalid=\"false\" placeholder=\"Telephone\" \/><\/span><\/p>\n<p><span class=\"wpcf7-form-control-wrap\" data-name=\"your-message\"><textarea name=\"your-message\" cols=\"40\" rows=\"10\" class=\"wpcf7-form-control wpcf7-textarea wpcf7-validates-as-required form-control\" aria-required=\"true\" aria-invalid=\"false\" placeholder=\"Your Message\"><\/textarea><\/span><\/p>\n<div class=\"col-md-12 text-center\">\n<input type=\"submit\" value=\"Send\" class=\"wpcf7-form-control has-spinner wpcf7-submit btn btn-secondary btn-lg\" id=\"submitHeader\" \/>\n<\/div>\n<div class=\"wpcf7-response-output\" aria-hidden=\"true\"><\/div><input type=\"hidden\" name=\"trp-form-language\" value=\"en\"\/><\/form><\/div>\n\n\t\t<\/div>\n\t<\/div>\n<\/div><\/div><\/div><\/div><div class=\"vc_row wpb_row vc_row-fluid\"><div class=\"wpb_column vc_column_container vc_col-sm-6\"><div class=\"vc_column-inner\"><div class=\"wpb_wrapper\">\n\t<div class=\"wpb_text_column wpb_content_element\" >\n\t\t<div class=\"wpb_wrapper\">\n\t\t\t<h3>Our Adresse<\/h3>\n<p><strong>Adresse : <\/strong>7 Rue Duban 75016 Paris (M\u00e9tro La Muette ligne 9 ou Passy ligne 6 ou RER C Boulainvilliers)<\/p>\n<p><strong>G\u00e9rant<\/strong> : M. Bruno PALSON<\/p>\n<p><strong>Mail :<\/strong> contact@englemond.com<\/p>\n<p><strong>Telephone :<\/strong> +33 01 46 47 50 51<\/p>\n<p><strong>Hours<\/strong> du mardi au samedi, de 9h \u00e0 13h et de 15h \u00e0 19h<\/p>\n<p><strong>Instagram :<\/strong> joailleriedenglemond<\/p>\n\n\t\t<\/div>\n\t<\/div>\n<\/div><\/div><\/div><div class=\"wpb_column vc_column_container vc_col-sm-6\"><div class=\"vc_column-inner\"><div class=\"wpb_wrapper\"><div class=\"wpb_gmaps_widget wpb_content_element\"><div class=\"wpb_wrapper\"><div class=\"wpb_map_wraper\"><iframe src=\"https:\/\/www.google.com\/maps\/embed?pb=!1m18!1m12!1m3!1d2625.0804184396566!2d2.2754537508483716!3d48.85667687918575!2m3!1f0!2f0!3f0!3m2!1i1024!2i768!4f13.1!3m3!1m2!1s0x47e670000e5bd6af%3A0xa3e6e4fb520c3197!2s7%20Rue%20Duban%2C%2075016%20Paris%2C%20France!5e0!3m2!1sen!2spt!4v1671803908447!5m2!1sen!2spt\" width=\"600\" height=\"450\" frameborder=\"0\" style=\"border:0\" allowfullscreen><\/iframe><\/div><\/div><\/div><\/div><\/div><\/div><\/div>","protected":false},"excerpt":{"rendered":"Contactez-nous ! Si\u00e8ge social Adresse : 7 Rue Duban 75016 Paris (M\u00e9tro La Muette ligne 9 ou Passy ligne 6 ou RER C Boulainvilliers) G\u00e9rant : M. Bruno PALSON Mail : contact@englemond.com T\u00e9l\u00e9phone : +33 01 46 47 50 51 Horaires : du mardi au samedi, de 9h \u00e0 13h et de 15h \u00e0 19h [...]","protected":false},"author":1,"featured_media":0,"parent":0,"menu_order":0,"comment_status":"closed","ping_status":"closed","template":"","meta":[],"yoast_head":"<!-- This site is optimized with the Yoast SEO plugin v20.5 - https:\/\/yoast.com\/wordpress\/plugins\/seo\/ -->\n<title>Contactez nous - Englemond<\/title>\n<meta name=\"robots\" content=\"index, follow, max-snippet:-1, max-image-preview:large, max-video-preview:-1\" \/>\n<link rel=\"canonical\" href=\"https:\/\/englemond.com\/en\/contactez-nous\/\" \/>\n<meta property=\"og:locale\" content=\"en_GB\" \/>\n<meta property=\"og:type\" content=\"article\" \/>\n<meta property=\"og:title\" content=\"Contactez nous - Englemond\" \/>\n<meta property=\"og:url\" content=\"https:\/\/englemond.com\/en\/contactez-nous\/\" \/>\n<meta property=\"og:site_name\" content=\"Englemond\" \/>\n<meta property=\"article:publisher\" content=\"https:\/\/www.facebook.com\/profile.php?id=100065326867386\" \/>\n<meta property=\"article:modified_time\" content=\"2023-04-25T09:07:44+00:00\" \/>\n<meta name=\"twitter:card\" content=\"summary_large_image\" \/>\n<meta name=\"twitter:label1\" content=\"Estimated reading time\" \/>\n\t<meta name=\"twitter:data1\" content=\"1 minute\" \/>\n<script type=\"application\/ld+json\" class=\"yoast-schema-graph\">{\"@context\":\"https:\/\/schema.org\",\"@graph\":[{\"@type\":\"WebPage\",\"@id\":\"https:\/\/englemond.com\/contactez-nous\/\",\"url\":\"https:\/\/englemond.com\/contactez-nous\/\",\"name\":\"Contactez nous - Englemond\",\"isPartOf\":{\"@id\":\"https:\/\/englemond.com\/#website\"},\"datePublished\":\"2022-10-20T14:47:34+00:00\",\"dateModified\":\"2023-04-25T09:07:44+00:00\",\"breadcrumb\":{\"@id\":\"https:\/\/englemond.com\/contactez-nous\/#breadcrumb\"},\"inLanguage\":\"en-GB\",\"potentialAction\":[{\"@type\":\"ReadAction\",\"target\":[\"https:\/\/englemond.com\/contactez-nous\/\"]}]},{\"@type\":\"BreadcrumbList\",\"@id\":\"https:\/\/englemond.com\/contactez-nous\/#breadcrumb\",\"itemListElement\":[{\"@type\":\"ListItem\",\"position\":1,\"name\":\"Home\",\"item\":\"https:\/\/englemond.com\/\"},{\"@type\":\"ListItem\",\"position\":2,\"name\":\"Contactez nous\"}]},{\"@type\":\"WebSite\",\"@id\":\"https:\/\/englemond.com\/#website\",\"url\":\"https:\/\/englemond.com\/\",\"name\":\"Englemond\",\"description\":\"Joaillerie, Bijouterie \u00e0 Paris\",\"publisher\":{\"@id\":\"https:\/\/englemond.com\/#organization\"},\"potentialAction\":[{\"@type\":\"SearchAction\",\"target\":{\"@type\":\"EntryPoint\",\"urlTemplate\":\"https:\/\/englemond.com\/?s={search_term_string}\"},\"query-input\":\"required name=search_term_string\"}],\"inLanguage\":\"en-GB\"},{\"@type\":\"Organization\",\"@id\":\"https:\/\/englemond.com\/#organization\",\"name\":\"Englemond\",\"url\":\"https:\/\/englemond.com\/\",\"logo\":{\"@type\":\"ImageObject\",\"inLanguage\":\"en-GB\",\"@id\":\"https:\/\/englemond.com\/#\/schema\/logo\/image\/\",\"url\":\"https:\/\/englemond.com\/wp-content\/uploads\/2020\/11\/logo.png\",\"contentUrl\":\"https:\/\/englemond.com\/wp-content\/uploads\/2020\/11\/logo.png\",\"width\":224,\"height\":111,\"caption\":\"Englemond\"},\"image\":{\"@id\":\"https:\/\/englemond.com\/#\/schema\/logo\/image\/\"},\"sameAs\":[\"https:\/\/www.facebook.com\/profile.php?id=100065326867386\",\"https:\/\/www.instagram.com\/joailleriedenglemond\/?hl=en\"]}]}<\/script>\n<!-- \/ Yoast SEO plugin. -->","yoast_head_json":{"title":"Contactez nous - Englemond","robots":{"index":"index","follow":"follow","max-snippet":"max-snippet:-1","max-image-preview":"max-image-preview:large","max-video-preview":"max-video-preview:-1"},"canonical":"https:\/\/englemond.com\/en\/contactez-nous\/","og_locale":"en_GB","og_type":"article","og_title":"Contactez nous - Englemond","og_url":"https:\/\/englemond.com\/en\/contactez-nous\/","og_site_name":"Englemond","article_publisher":"https:\/\/www.facebook.com\/profile.php?id=100065326867386","article_modified_time":"2023-04-25T09:07:44+00:00","twitter_card":"summary_large_image","twitter_misc":{"Estimated reading time":"1 minute"},"schema":{"@context":"https:\/\/schema.org","@graph":[{"@type":"WebPage","@id":"https:\/\/englemond.com\/contactez-nous\/","url":"https:\/\/englemond.com\/contactez-nous\/","name":"Contactez nous - Englemond","isPartOf":{"@id":"https:\/\/englemond.com\/#website"},"datePublished":"2022-10-20T14:47:34+00:00","dateModified":"2023-04-25T09:07:44+00:00","breadcrumb":{"@id":"https:\/\/englemond.com\/contactez-nous\/#breadcrumb"},"inLanguage":"en-GB","potentialAction":[{"@type":"ReadAction","target":["https:\/\/englemond.com\/contactez-nous\/"]}]},{"@type":"BreadcrumbList","@id":"https:\/\/englemond.com\/contactez-nous\/#breadcrumb","itemListElement":[{"@type":"ListItem","position":1,"name":"Home","item":"https:\/\/englemond.com\/"},{"@type":"ListItem","position":2,"name":"Contactez nous"}]},{"@type":"WebSite","@id":"https:\/\/englemond.com\/#website","url":"https:\/\/englemond.com\/","name":"Englemond","description":"Joaillerie, Bijouterie \u00e0 Paris","publisher":{"@id":"https:\/\/englemond.com\/#organization"},"potentialAction":[{"@type":"SearchAction","target":{"@type":"EntryPoint","urlTemplate":"https:\/\/englemond.com\/?s={search_term_string}"},"query-input":"required name=search_term_string"}],"inLanguage":"en-GB"},{"@type":"Organization","@id":"https:\/\/englemond.com\/#organization","name":"Englemond","url":"https:\/\/englemond.com\/","logo":{"@type":"ImageObject","inLanguage":"en-GB","@id":"https:\/\/englemond.com\/#\/schema\/logo\/image\/","url":"https:\/\/englemond.com\/wp-content\/uploads\/2020\/11\/logo.png","contentUrl":"https:\/\/englemond.com\/wp-content\/uploads\/2020\/11\/logo.png","width":224,"height":111,"caption":"Englemond"},"image":{"@id":"https:\/\/englemond.com\/#\/schema\/logo\/image\/"},"sameAs":["https:\/\/www.facebook.com\/profile.php?id=100065326867386","https:\/\/www.instagram.com\/joailleriedenglemond\/?hl=en"]}]}},"_links":{"self":[{"href":"https:\/\/englemond.com\/en\/wp-json\/wp\/v2\/pages\/4544"}],"collection":[{"href":"https:\/\/englemond.com\/en\/wp-json\/wp\/v2\/pages"}],"about":[{"href":"https:\/\/englemond.com\/en\/wp-json\/wp\/v2\/types\/page"}],"author":[{"embeddable":true,"href":"https:\/\/englemond.com\/en\/wp-json\/wp\/v2\/users\/1"}],"replies":[{"embeddable":true,"href":"https:\/\/englemond.com\/en\/wp-json\/wp\/v2\/comments?post=4544"}],"version-history":[{"count":21,"href":"https:\/\/englemond.com\/en\/wp-json\/wp\/v2\/pages\/4544\/revisions"}],"predecessor-version":[{"id":4785,"href":"https:\/\/englemond.com\/en\/wp-json\/wp\/v2\/pages\/4544\/revisions\/4785"}],"wp:attachment":[{"href":"https:\/\/englemond.com\/en\/wp-json\/wp\/v2\/media?parent=4544"}],"curies":[{"name":"wp","href":"https:\/\/api.w.org\/{rel}","templated":true}]}}