{"id":20,"date":"2020-11-27T18:20:07","date_gmt":"2020-11-27T17:20:07","guid":{"rendered":"https:\/\/englemond.com\/?page_id=20"},"modified":"2023-01-17T01:05:41","modified_gmt":"2023-01-17T00:05:41","slug":"les-createurs","status":"publish","type":"page","link":"https:\/\/englemond.com\/en\/les-createurs\/","title":{"rendered":"The creator"},"content":{"rendered":"<div style=\"margin-top: 0px; margin-bottom: 0px;\" class=\"sharethis-inline-share-buttons\" ><\/div><div class=\"vc_row wpb_row vc_row-fluid bannerCreateur vc_custom_1662802407558 vc_row-has-fill\"><div class=\"wpb_column vc_column_container vc_col-sm-12\"><div class=\"vc_column-inner\"><div class=\"wpb_wrapper\"><div class=\"vc_row wpb_row vc_inner vc_row-fluid container\"><div class=\"wpb_column vc_column_container vc_col-sm-6\"><div class=\"vc_column-inner vc_custom_1673913926882\"><div class=\"wpb_wrapper\"><h1 style=\"text-align: left;font-family:Abril Fatface;font-weight:400;font-style:normal\" class=\"vc_custom_heading\" >The creator<\/h1>\n\t<div class=\"wpb_text_column wpb_content_element  bannerDescription\" >\n\t\t<div class=\"wpb_wrapper\">\n\t\t\t<p>From his first passion, drawing...<\/p>\n\n\t\t<\/div>\n\t<\/div>\n<\/div><\/div><\/div><div class=\"wpb_column vc_column_container vc_col-sm-6 vc_hidden-sm vc_hidden-xs\"><div class=\"vc_column-inner vc_custom_1673913939721\"><div class=\"wpb_wrapper\">\n\t<div  class=\"wpb_single_image wpb_content_element vc_align_left   bannerPicture\">\n\t\t\n\t\t<figure class=\"wpb_wrapper vc_figure\">\n\t\t\t<div class=\"vc_single_image-wrapper   vc_box_border_grey\"><img width=\"460\" height=\"345\" src=\"https:\/\/englemond.com\/wp-content\/uploads\/2022\/07\/20220602_102629-scaled-e1656780728428.jpg\" class=\"vc_single_image-img attachment-full\" alt=\"\" decoding=\"async\" loading=\"lazy\" \/><\/div>\n\t\t<\/figure>\n\t<\/div>\n<\/div><\/div><\/div><\/div><\/div><\/div><\/div><\/div><div class=\"vc_row wpb_row vc_row-fluid contentCreateur\"><div class=\"firstRowContent wpb_column vc_column_container vc_col-sm-12 vc_col-has-fill\"><div class=\"vc_column-inner vc_custom_1606941665448\"><div class=\"wpb_wrapper\"><div class=\"vc_row wpb_row vc_inner vc_row-fluid firstRowContent container\"><div class=\"leftContentCreateur wpb_column vc_column_container vc_col-sm-6 vc_hidden-sm vc_hidden-xs\"><div class=\"vc_column-inner\"><div class=\"wpb_wrapper\">\n\t<div  class=\"wpb_single_image wpb_content_element vc_align_left   contentPicture\">\n\t\t\n\t\t<figure class=\"wpb_wrapper vc_figure\">\n\t\t\t<div class=\"vc_single_image-wrapper   vc_box_border_grey\"><img width=\"594\" height=\"935\" src=\"https:\/\/englemond.com\/wp-content\/uploads\/2022\/07\/GUTHERTZ-1.jpg\" class=\"vc_single_image-img attachment-large\" alt=\"\" decoding=\"async\" loading=\"lazy\" srcset=\"https:\/\/englemond.com\/wp-content\/uploads\/2022\/07\/GUTHERTZ-1.jpg 594w, https:\/\/englemond.com\/wp-content\/uploads\/2022\/07\/GUTHERTZ-1-191x300.jpg 191w, https:\/\/englemond.com\/wp-content\/uploads\/2022\/07\/GUTHERTZ-1-255x401.jpg 255w\" sizes=\"(max-width: 594px) 100vw, 594px\" \/><\/div>\n\t\t<\/figure>\n\t<\/div>\n<\/div><\/div><\/div><div class=\"rightContentCreateur wpb_column vc_column_container vc_col-sm-6 vc_col-lg-6 vc_col-md-6 vc_col-xs-12 vc_col-has-fill\"><div class=\"vc_column-inner vc_custom_1673912670622\"><div class=\"wpb_wrapper\">\n\t<div class=\"wpb_text_column wpb_content_element  contentTitle\" >\n\t\t<div class=\"wpb_wrapper\">\n\t\t\t<p><strong>From design to installation<\/strong><\/p>\n\n\t\t<\/div>\n\t<\/div>\n\n\t<div class=\"wpb_text_column wpb_content_element  contentDescription\" >\n\t\t<div class=\"wpb_wrapper\">\n\t\t\t<p>Bruno Palson, from the school of the rue du Louvre, both jeweler and jeweler was twice awarded in 1984 and 1985 the Georges and Jacques Lenfant prize. He also studied gemstones for two years with Mr. Hubert Lagache, president of the chamber of gemmology.<\/p>\n\n\t\t<\/div>\n\t<\/div>\n<\/div><\/div><\/div><\/div><\/div><\/div><\/div><\/div><div class=\"vc_row wpb_row vc_row-fluid secondContentCreateur vc_custom_1608749259273 vc_row-has-fill\"><div class=\"secondContentCreateur wpb_column vc_column_container vc_col-sm-12\"><div class=\"vc_column-inner\"><div class=\"wpb_wrapper\"><div class=\"vc_row wpb_row vc_inner vc_row-fluid row3Content\"><div class=\"wpb_column vc_column_container vc_col-sm-12\"><div class=\"vc_column-inner\"><div class=\"wpb_wrapper\"><\/div><\/div><\/div><\/div><div class=\"vc_row wpb_row vc_inner vc_row-fluid container\"><div class=\"leftContentCreateur wpb_column vc_column_container vc_col-sm-8\"><div class=\"vc_column-inner\"><div class=\"wpb_wrapper\">\n\t<div id=\"contentPicture\" class=\"wpb_single_image wpb_content_element vc_align_right   contentPicture2\">\n\t\t\n\t\t<figure class=\"wpb_wrapper vc_figure\">\n\t\t\t<div class=\"vc_single_image-wrapper   vc_box_border_grey\"><img width=\"255\" height=\"241\" src=\"https:\/\/englemond.com\/wp-content\/uploads\/2020\/12\/femme1.png\" class=\"vc_single_image-img attachment-full\" alt=\"\" decoding=\"async\" loading=\"lazy\" \/><\/div>\n\t\t<\/figure>\n\t<\/div>\n<h2 style=\"text-align: left;font-family:Abril Fatface;font-weight:400;font-style:normal\" class=\"vc_custom_heading\" >A real passion and a mixture of universes<\/h2>\n\t<div class=\"wpb_text_column wpb_content_element\" >\n\t\t<div class=\"wpb_wrapper\">\n\t\t\t<p>Also know how to create and draw for stones<\/p>\n\n\t\t<\/div>\n\t<\/div>\n<\/div><\/div><\/div><div class=\"rightContentCreateur wpb_column vc_column_container vc_col-sm-4\"><div class=\"vc_column-inner\"><div class=\"wpb_wrapper\">\n\t<div  class=\"wpb_single_image wpb_content_element vc_align_left   contentPicture1\">\n\t\t\n\t\t<figure class=\"wpb_wrapper vc_figure\">\n\t\t\t<div class=\"vc_single_image-wrapper   vc_box_border_grey\"><img width=\"301\" height=\"419\" src=\"https:\/\/englemond.com\/wp-content\/uploads\/2020\/12\/femme2.png\" class=\"vc_single_image-img attachment-full\" alt=\"\" decoding=\"async\" loading=\"lazy\" srcset=\"https:\/\/englemond.com\/wp-content\/uploads\/2020\/12\/femme2.png 301w, https:\/\/englemond.com\/wp-content\/uploads\/2020\/12\/femme2-216x300.png 216w, https:\/\/englemond.com\/wp-content\/uploads\/2020\/12\/femme2-255x355.png 255w\" sizes=\"(max-width: 301px) 100vw, 301px\" \/><\/div>\n\t\t<\/figure>\n\t<\/div>\n\n\t<div class=\"wpb_text_column wpb_content_element\" >\n\t\t<div class=\"wpb_wrapper\">\n\t\t\t<p>\"I've always loved creating universes, I hope you enjoy them. \u00bb<\/p>\n\n\t\t<\/div>\n\t<\/div>\n<\/div><\/div><\/div><\/div><\/div><\/div><\/div><\/div>","protected":false},"excerpt":{"rendered":"Le cr\u00e9ateur De sa passion premi\u00e8re, le dessin... Du dessin \u00e0 la mise en place Bruno Palson, issu de l'\u00e9cole de la rue du Louvre, \u00e0 la fois bijoutier et joaillier a \u00e9t\u00e9 prim\u00e9 par deux fois en 1984 et 1985 du prix Georges et Jacques Lenfant. Par ailleurs il a \u00e9tudi\u00e9 durant deux ann\u00e9es [...]","protected":false},"author":1,"featured_media":0,"parent":0,"menu_order":0,"comment_status":"closed","ping_status":"closed","template":"","meta":[],"yoast_head":"<!-- This site is optimized with the Yoast SEO plugin v20.5 - https:\/\/yoast.com\/wordpress\/plugins\/seo\/ -->\n<title>Le cr\u00e9ateur - Englemond<\/title>\n<meta name=\"robots\" content=\"index, follow, max-snippet:-1, max-image-preview:large, max-video-preview:-1\" \/>\n<link rel=\"canonical\" href=\"https:\/\/englemond.com\/en\/les-createurs\/\" \/>\n<meta property=\"og:locale\" content=\"en_GB\" \/>\n<meta property=\"og:type\" content=\"article\" \/>\n<meta property=\"og:title\" content=\"Le cr\u00e9ateur - Englemond\" \/>\n<meta property=\"og:url\" content=\"https:\/\/englemond.com\/en\/les-createurs\/\" \/>\n<meta property=\"og:site_name\" content=\"Englemond\" \/>\n<meta property=\"article:publisher\" content=\"https:\/\/www.facebook.com\/profile.php?id=100065326867386\" \/>\n<meta property=\"article:modified_time\" content=\"2023-01-17T00:05:41+00:00\" \/>\n<meta name=\"twitter:card\" content=\"summary_large_image\" \/>\n<meta name=\"twitter:label1\" content=\"Estimated reading time\" \/>\n\t<meta name=\"twitter:data1\" content=\"2 minutes\" \/>\n<script type=\"application\/ld+json\" class=\"yoast-schema-graph\">{\"@context\":\"https:\/\/schema.org\",\"@graph\":[{\"@type\":\"WebPage\",\"@id\":\"https:\/\/englemond.com\/les-createurs\/\",\"url\":\"https:\/\/englemond.com\/les-createurs\/\",\"name\":\"Le cr\u00e9ateur - Englemond\",\"isPartOf\":{\"@id\":\"https:\/\/englemond.com\/#website\"},\"datePublished\":\"2020-11-27T17:20:07+00:00\",\"dateModified\":\"2023-01-17T00:05:41+00:00\",\"breadcrumb\":{\"@id\":\"https:\/\/englemond.com\/les-createurs\/#breadcrumb\"},\"inLanguage\":\"en-GB\",\"potentialAction\":[{\"@type\":\"ReadAction\",\"target\":[\"https:\/\/englemond.com\/les-createurs\/\"]}]},{\"@type\":\"BreadcrumbList\",\"@id\":\"https:\/\/englemond.com\/les-createurs\/#breadcrumb\",\"itemListElement\":[{\"@type\":\"ListItem\",\"position\":1,\"name\":\"Home\",\"item\":\"https:\/\/englemond.com\/\"},{\"@type\":\"ListItem\",\"position\":2,\"name\":\"Le cr\u00e9ateur\"}]},{\"@type\":\"WebSite\",\"@id\":\"https:\/\/englemond.com\/#website\",\"url\":\"https:\/\/englemond.com\/\",\"name\":\"Englemond\",\"description\":\"Joaillerie, Bijouterie \u00e0 Paris\",\"publisher\":{\"@id\":\"https:\/\/englemond.com\/#organization\"},\"potentialAction\":[{\"@type\":\"SearchAction\",\"target\":{\"@type\":\"EntryPoint\",\"urlTemplate\":\"https:\/\/englemond.com\/?s={search_term_string}\"},\"query-input\":\"required name=search_term_string\"}],\"inLanguage\":\"en-GB\"},{\"@type\":\"Organization\",\"@id\":\"https:\/\/englemond.com\/#organization\",\"name\":\"Englemond\",\"url\":\"https:\/\/englemond.com\/\",\"logo\":{\"@type\":\"ImageObject\",\"inLanguage\":\"en-GB\",\"@id\":\"https:\/\/englemond.com\/#\/schema\/logo\/image\/\",\"url\":\"https:\/\/englemond.com\/wp-content\/uploads\/2020\/11\/logo.png\",\"contentUrl\":\"https:\/\/englemond.com\/wp-content\/uploads\/2020\/11\/logo.png\",\"width\":224,\"height\":111,\"caption\":\"Englemond\"},\"image\":{\"@id\":\"https:\/\/englemond.com\/#\/schema\/logo\/image\/\"},\"sameAs\":[\"https:\/\/www.facebook.com\/profile.php?id=100065326867386\",\"https:\/\/www.instagram.com\/joailleriedenglemond\/?hl=en\"]}]}<\/script>\n<!-- \/ Yoast SEO plugin. -->","yoast_head_json":{"title":"Le cr\u00e9ateur - Englemond","robots":{"index":"index","follow":"follow","max-snippet":"max-snippet:-1","max-image-preview":"max-image-preview:large","max-video-preview":"max-video-preview:-1"},"canonical":"https:\/\/englemond.com\/en\/les-createurs\/","og_locale":"en_GB","og_type":"article","og_title":"Le cr\u00e9ateur - Englemond","og_url":"https:\/\/englemond.com\/en\/les-createurs\/","og_site_name":"Englemond","article_publisher":"https:\/\/www.facebook.com\/profile.php?id=100065326867386","article_modified_time":"2023-01-17T00:05:41+00:00","twitter_card":"summary_large_image","twitter_misc":{"Estimated reading time":"2 minutes"},"schema":{"@context":"https:\/\/schema.org","@graph":[{"@type":"WebPage","@id":"https:\/\/englemond.com\/les-createurs\/","url":"https:\/\/englemond.com\/les-createurs\/","name":"Le cr\u00e9ateur - Englemond","isPartOf":{"@id":"https:\/\/englemond.com\/#website"},"datePublished":"2020-11-27T17:20:07+00:00","dateModified":"2023-01-17T00:05:41+00:00","breadcrumb":{"@id":"https:\/\/englemond.com\/les-createurs\/#breadcrumb"},"inLanguage":"en-GB","potentialAction":[{"@type":"ReadAction","target":["https:\/\/englemond.com\/les-createurs\/"]}]},{"@type":"BreadcrumbList","@id":"https:\/\/englemond.com\/les-createurs\/#breadcrumb","itemListElement":[{"@type":"ListItem","position":1,"name":"Home","item":"https:\/\/englemond.com\/"},{"@type":"ListItem","position":2,"name":"Le cr\u00e9ateur"}]},{"@type":"WebSite","@id":"https:\/\/englemond.com\/#website","url":"https:\/\/englemond.com\/","name":"Englemond","description":"Joaillerie, Bijouterie \u00e0 Paris","publisher":{"@id":"https:\/\/englemond.com\/#organization"},"potentialAction":[{"@type":"SearchAction","target":{"@type":"EntryPoint","urlTemplate":"https:\/\/englemond.com\/?s={search_term_string}"},"query-input":"required name=search_term_string"}],"inLanguage":"en-GB"},{"@type":"Organization","@id":"https:\/\/englemond.com\/#organization","name":"Englemond","url":"https:\/\/englemond.com\/","logo":{"@type":"ImageObject","inLanguage":"en-GB","@id":"https:\/\/englemond.com\/#\/schema\/logo\/image\/","url":"https:\/\/englemond.com\/wp-content\/uploads\/2020\/11\/logo.png","contentUrl":"https:\/\/englemond.com\/wp-content\/uploads\/2020\/11\/logo.png","width":224,"height":111,"caption":"Englemond"},"image":{"@id":"https:\/\/englemond.com\/#\/schema\/logo\/image\/"},"sameAs":["https:\/\/www.facebook.com\/profile.php?id=100065326867386","https:\/\/www.instagram.com\/joailleriedenglemond\/?hl=en"]}]}},"_links":{"self":[{"href":"https:\/\/englemond.com\/en\/wp-json\/wp\/v2\/pages\/20"}],"collection":[{"href":"https:\/\/englemond.com\/en\/wp-json\/wp\/v2\/pages"}],"about":[{"href":"https:\/\/englemond.com\/en\/wp-json\/wp\/v2\/types\/page"}],"author":[{"embeddable":true,"href":"https:\/\/englemond.com\/en\/wp-json\/wp\/v2\/users\/1"}],"replies":[{"embeddable":true,"href":"https:\/\/englemond.com\/en\/wp-json\/wp\/v2\/comments?post=20"}],"version-history":[{"count":181,"href":"https:\/\/englemond.com\/en\/wp-json\/wp\/v2\/pages\/20\/revisions"}],"predecessor-version":[{"id":4710,"href":"https:\/\/englemond.com\/en\/wp-json\/wp\/v2\/pages\/20\/revisions\/4710"}],"wp:attachment":[{"href":"https:\/\/englemond.com\/en\/wp-json\/wp\/v2\/media?parent=20"}],"curies":[{"name":"wp","href":"https:\/\/api.w.org\/{rel}","templated":true}]}}