{"id":18,"date":"2020-11-27T18:19:45","date_gmt":"2020-11-27T17:19:45","guid":{"rendered":"https:\/\/englemond.com\/?page_id=18"},"modified":"2023-01-16T18:51:23","modified_gmt":"2023-01-16T17:51:23","slug":"latelier","status":"publish","type":"page","link":"https:\/\/englemond.com\/en\/latelier\/","title":{"rendered":"The workshop"},"content":{"rendered":"<div style=\"margin-top: 0px; margin-bottom: 0px;\" class=\"sharethis-inline-share-buttons\" ><\/div><div id=\"bannerAtelier\" class=\"vc_row wpb_row vc_row-fluid bannerAtelier vc_custom_1662802677332 vc_row-has-fill\"><div class=\"wpb_column vc_column_container vc_col-sm-12\"><div class=\"vc_column-inner\"><div class=\"wpb_wrapper\"><div class=\"vc_row wpb_row vc_inner vc_row-fluid container\"><div class=\"leftBannerAtelier wpb_column vc_column_container vc_col-sm-12 vc_col-has-fill\"><div class=\"vc_column-inner vc_custom_1608714230264\"><div class=\"wpb_wrapper\"><h1 style=\"text-align: left;font-family:Abril Fatface;font-weight:400;font-style:normal\" class=\"vc_custom_heading\" >original creations<\/h1>\n\t<div class=\"wpb_text_column wpb_content_element  descriptionBanner\" >\n\t\t<div class=\"wpb_wrapper\">\n\t\t\t<p>Result of a unique know-how guaranteeing flawless quality<\/p>\n\n\t\t<\/div>\n\t<\/div>\n<\/div><\/div><\/div><\/div><\/div><\/div><\/div><\/div><div class=\"vc_row wpb_row vc_row-fluid firstRowContent container\"><div class=\"leftContent wpb_column vc_column_container vc_col-sm-6 vc_col-has-fill\"><div class=\"vc_column-inner vc_custom_1608719755262\"><div class=\"wpb_wrapper\">\n\t<div  class=\"wpb_single_image wpb_content_element vc_align_left  vc_custom_1654011415661  picture1\">\n\t\t\n\t\t<figure class=\"wpb_wrapper vc_figure\">\n\t\t\t<div class=\"vc_single_image-wrapper   vc_box_border_grey\"><img width=\"512\" height=\"512\" src=\"https:\/\/englemond.com\/wp-content\/uploads\/2022\/05\/GOZLAN@-1-2006-1.jpg\" class=\"vc_single_image-img attachment-full\" alt=\"\" decoding=\"async\" loading=\"lazy\" srcset=\"https:\/\/englemond.com\/wp-content\/uploads\/2022\/05\/GOZLAN@-1-2006-1.jpg 512w, https:\/\/englemond.com\/wp-content\/uploads\/2022\/05\/GOZLAN@-1-2006-1-300x300.jpg 300w, https:\/\/englemond.com\/wp-content\/uploads\/2022\/05\/GOZLAN@-1-2006-1-150x150.jpg 150w, https:\/\/englemond.com\/wp-content\/uploads\/2022\/05\/GOZLAN@-1-2006-1-255x255.jpg 255w, https:\/\/englemond.com\/wp-content\/uploads\/2022\/05\/GOZLAN@-1-2006-1-100x100.jpg 100w\" sizes=\"(max-width: 512px) 100vw, 512px\" \/><\/div>\n\t\t<\/figure>\n\t<\/div>\n\n\t<div  class=\"wpb_single_image wpb_content_element vc_align_left   picture2\">\n\t\t\n\t\t<figure class=\"wpb_wrapper vc_figure\">\n\t\t\t<div class=\"vc_single_image-wrapper   vc_box_border_grey\"><img width=\"703\" height=\"676\" src=\"https:\/\/englemond.com\/wp-content\/uploads\/2022\/05\/MASSE-2007-1A-e1655728611945.jpg\" class=\"vc_single_image-img attachment-full\" alt=\"\" decoding=\"async\" loading=\"lazy\" srcset=\"https:\/\/englemond.com\/wp-content\/uploads\/2022\/05\/MASSE-2007-1A-e1655728611945.jpg 703w, https:\/\/englemond.com\/wp-content\/uploads\/2022\/05\/MASSE-2007-1A-e1655728611945-300x288.jpg 300w, https:\/\/englemond.com\/wp-content\/uploads\/2022\/05\/MASSE-2007-1A-e1655728611945-255x245.jpg 255w\" sizes=\"(max-width: 703px) 100vw, 703px\" \/><\/div>\n\t\t<\/figure>\n\t<\/div>\n<\/div><\/div><\/div><div class=\"rightContent wpb_column vc_column_container vc_col-sm-6\"><div class=\"vc_column-inner\"><div class=\"wpb_wrapper\">\n\t<div class=\"wpb_text_column wpb_content_element  description\" >\n\t\t<div class=\"wpb_wrapper\">\n\t\t\t<p>Each of our original creations comes only from our Parisian workshop.<\/p>\n\n\t\t<\/div>\n\t<\/div>\n\n\t<div class=\"wpb_text_column wpb_content_element  description\" >\n\t\t<div class=\"wpb_wrapper\">\n\t\t\t<p>Our unique know-how allows us to guarantee a level of quality, detail and requirement specific to our house<\/p>\n\n\t\t<\/div>\n\t<\/div>\n<\/div><\/div><\/div><\/div><div id=\"secondRowContent\" class=\"vc_row wpb_row vc_row-fluid secondRowContent container\"><div class=\"leftContent wpb_column vc_column_container vc_col-sm-6\"><div class=\"vc_column-inner\"><div class=\"wpb_wrapper\">\n\t<div class=\"wpb_text_column wpb_content_element  title\" >\n\t\t<div class=\"wpb_wrapper\">\n\t\t\t<p>Each of our restorations preserves the soul of your jewel<\/p>\n\n\t\t<\/div>\n\t<\/div>\n\n\t<div class=\"wpb_text_column wpb_content_element  description\" >\n\t\t<div class=\"wpb_wrapper\">\n\t\t\t<p>The house offers a restoration service for all of your jewelry<\/p>\n\n\t\t<\/div>\n\t<\/div>\n<\/div><\/div><\/div><div class=\"rightContent wpb_column vc_column_container vc_col-sm-6\"><div class=\"vc_column-inner\"><div class=\"wpb_wrapper\">\n\t<div  class=\"wpb_single_image wpb_content_element vc_align_center   picture\">\n\t\t\n\t\t<figure class=\"wpb_wrapper vc_figure\">\n\t\t\t<div class=\"vc_single_image-wrapper   vc_box_border_grey\"><img width=\"1280\" height=\"1024\" src=\"https:\/\/englemond.com\/wp-content\/uploads\/2022\/05\/ROLAND-1B-2002.jpg\" class=\"vc_single_image-img attachment-full\" alt=\"\" decoding=\"async\" loading=\"lazy\" srcset=\"https:\/\/englemond.com\/wp-content\/uploads\/2022\/05\/ROLAND-1B-2002.jpg 1280w, https:\/\/englemond.com\/wp-content\/uploads\/2022\/05\/ROLAND-1B-2002-300x240.jpg 300w, https:\/\/englemond.com\/wp-content\/uploads\/2022\/05\/ROLAND-1B-2002-1024x819.jpg 1024w, https:\/\/englemond.com\/wp-content\/uploads\/2022\/05\/ROLAND-1B-2002-768x614.jpg 768w, https:\/\/englemond.com\/wp-content\/uploads\/2022\/05\/ROLAND-1B-2002-255x204.jpg 255w\" sizes=\"(max-width: 1280px) 100vw, 1280px\" \/><\/div>\n\t\t<\/figure>\n\t<\/div>\n<\/div><\/div><\/div><\/div><div class=\"vc_row wpb_row vc_row-fluid row3Content vc_custom_1608730382821 vc_row-has-fill\"><div class=\"wpb_column vc_column_container vc_col-sm-12\"><div class=\"vc_column-inner\"><div class=\"wpb_wrapper\"><div class=\"vc_row wpb_row vc_inner vc_row-fluid container\"><div class=\"leftContent wpb_column vc_column_container vc_col-sm-6\"><div class=\"vc_column-inner\"><div class=\"wpb_wrapper\">\n\t<div  class=\"wpb_single_image wpb_content_element vc_align_left   picture\">\n\t\t\n\t\t<figure class=\"wpb_wrapper vc_figure\">\n\t\t\t<div class=\"vc_single_image-wrapper   vc_box_border_grey\"><img width=\"1535\" height=\"1535\" src=\"https:\/\/englemond.com\/wp-content\/uploads\/2022\/05\/PALSON@-1C-2009.jpg\" class=\"vc_single_image-img attachment-full\" alt=\"\" decoding=\"async\" loading=\"lazy\" srcset=\"https:\/\/englemond.com\/wp-content\/uploads\/2022\/05\/PALSON@-1C-2009.jpg 1535w, https:\/\/englemond.com\/wp-content\/uploads\/2022\/05\/PALSON@-1C-2009-300x300.jpg 300w, https:\/\/englemond.com\/wp-content\/uploads\/2022\/05\/PALSON@-1C-2009-1024x1024.jpg 1024w, https:\/\/englemond.com\/wp-content\/uploads\/2022\/05\/PALSON@-1C-2009-150x150.jpg 150w, https:\/\/englemond.com\/wp-content\/uploads\/2022\/05\/PALSON@-1C-2009-768x768.jpg 768w, https:\/\/englemond.com\/wp-content\/uploads\/2022\/05\/PALSON@-1C-2009-255x255.jpg 255w, https:\/\/englemond.com\/wp-content\/uploads\/2022\/05\/PALSON@-1C-2009-100x100.jpg 100w\" sizes=\"(max-width: 1535px) 100vw, 1535px\" \/><\/div>\n\t\t<\/figure>\n\t<\/div>\n<\/div><\/div><\/div><div class=\"rightContent wpb_column vc_column_container vc_col-sm-6\"><div class=\"vc_column-inner\"><div class=\"wpb_wrapper\">\n\t<div class=\"wpb_text_column wpb_content_element  description\" >\n\t\t<div class=\"wpb_wrapper\">\n\t\t\t<p>All our employees are graduates of the greatest French jewelery schools<\/p>\n\n\t\t<\/div>\n\t<\/div>\n<\/div><\/div><\/div><\/div><\/div><\/div><\/div><\/div><div class=\"vc_row wpb_row vc_row-fluid row4Content container\"><div class=\"leftContent wpb_column vc_column_container vc_col-sm-6\"><div class=\"vc_column-inner\"><div class=\"wpb_wrapper\">\n\t<div class=\"wpb_text_column wpb_content_element  title\" >\n\t\t<div class=\"wpb_wrapper\">\n\t\t\t<p>The Englemond workshop<\/p>\n\n\t\t<\/div>\n\t<\/div>\n\n\t<div class=\"wpb_text_column wpb_content_element  description\" >\n\t\t<div class=\"wpb_wrapper\">\n\t\t\t<p>Reception, listening, are the bases of a creation in the image of your desires and desires.<\/p>\n\n\t\t<\/div>\n\t<\/div>\n\n\t<div class=\"wpb_text_column wpb_content_element  description\" >\n\t\t<div class=\"wpb_wrapper\">\n\t\t\t<p>We are here to carry out your project, going from the drawing to the model, then the fitting of your gold piece to check the fit. And finally the last operations, crimping and polishing, will allow you to find your finished piece in its case.<\/p>\n\n\t\t<\/div>\n\t<\/div>\n<\/div><\/div><\/div><div class=\"rightContent wpb_column vc_column_container vc_col-sm-6\"><div class=\"vc_column-inner\"><div class=\"wpb_wrapper\">\n\t<div class=\"wpb_text_column wpb_content_element  picture\" >\n\t\t<div class=\"wpb_wrapper\">\n\t\t\t<p><iframe loading=\"lazy\" title=\"YouTube video player\" src=\"https:\/\/www.youtube.com\/embed\/HsJEjYIu8lY\" width=\"100%\" height=\"315\" frameborder=\"0\" allowfullscreen=\"allowfullscreen\"><\/iframe><\/p>\n\n\t\t<\/div>\n\t<\/div>\n\n\t<div class=\"wpb_text_column wpb_content_element\" >\n\t\t<div class=\"wpb_wrapper\">\n\t\t\t<p><img decoding=\"async\" class=\"image\" src=\"https:\/\/englemond.com\/wp-content\/themes\/englemond\/img\/createur1.svg\" \/><\/p>\n\n\t\t<\/div>\n\t<\/div>\n<\/div><\/div><\/div><\/div><div class=\"vc_row wpb_row vc_row-fluid row5Content container vc_custom_1609762556321\"><div class=\"wpb_column vc_column_container vc_col-sm-12\"><div class=\"vc_column-inner\"><div class=\"wpb_wrapper\"><div class=\"vc_row wpb_row vc_inner vc_row-fluid d-flex justify-content-center\"><div class=\"leftContent wpb_column vc_column_container vc_col-sm-6 vc_col-has-fill\"><div class=\"vc_column-inner vc_custom_1608757351277\"><div class=\"wpb_wrapper\">\n\t<div class=\"wpb_text_column wpb_content_element  title\" >\n\t\t<div class=\"wpb_wrapper\">\n\t\t\t<p>A unique know-how<\/p>\n\n\t\t<\/div>\n\t<\/div>\n\n\t<div class=\"wpb_text_column wpb_content_element  vc_custom_1670320485466 description\" >\n\t\t<div class=\"wpb_wrapper\">\n\t\t\t<p>We use the latest technologies. We practice innovative techniques such as 3D design, laser welding and laser engraving. These complement our craftsmanship while respecting the ancestral rules of our profession.<\/p>\n\n\t\t<\/div>\n\t<\/div>\n<\/div><\/div><\/div><div class=\"wpb_column vc_column_container vc_col-sm-6 vc_hidden-sm vc_hidden-xs\"><div class=\"vc_column-inner\"><div class=\"wpb_wrapper\">\n\t<div  class=\"wpb_single_image wpb_content_element vc_align_left   picture\">\n\t\t\n\t\t<figure class=\"wpb_wrapper vc_figure\">\n\t\t\t<div class=\"vc_single_image-wrapper   vc_box_border_grey\"><img width=\"1024\" height=\"768\" src=\"https:\/\/englemond.com\/wp-content\/uploads\/2022\/05\/PALSON@-2006-1C.jpg\" class=\"vc_single_image-img attachment-full\" alt=\"\" decoding=\"async\" loading=\"lazy\" srcset=\"https:\/\/englemond.com\/wp-content\/uploads\/2022\/05\/PALSON@-2006-1C.jpg 1024w, https:\/\/englemond.com\/wp-content\/uploads\/2022\/05\/PALSON@-2006-1C-300x225.jpg 300w, https:\/\/englemond.com\/wp-content\/uploads\/2022\/05\/PALSON@-2006-1C-768x576.jpg 768w, https:\/\/englemond.com\/wp-content\/uploads\/2022\/05\/PALSON@-2006-1C-255x191.jpg 255w\" sizes=\"(max-width: 1024px) 100vw, 1024px\" \/><\/div>\n\t\t<\/figure>\n\t<\/div>\n<\/div><\/div><\/div><\/div><\/div><\/div><\/div><\/div><div class=\"vc_row wpb_row vc_row-fluid row6Content vc_custom_1609841855732 vc_row-has-fill\"><div class=\"wpb_column vc_column_container vc_col-sm-12\"><div class=\"vc_column-inner\"><div class=\"wpb_wrapper\">\n\t<div class=\"wpb_text_column wpb_content_element\" >\n\t\t<div class=\"wpb_wrapper\">\n\t\t\t<section class=\"d-flex align-items-center\"><img decoding=\"async\" class=\"image\" src=\"https:\/\/englemond.com\/wp-content\/themes\/englemond\/img\/createur2.svg\" \/><\/section>\n\n\t\t<\/div>\n\t<\/div>\n<div class=\"vc_row wpb_row vc_inner vc_row-fluid container\"><div class=\"wpb_column vc_column_container vc_col-sm-12\"><div class=\"vc_column-inner\"><div class=\"wpb_wrapper\">\n\t<div class=\"wpb_text_column wpb_content_element  description\" >\n\t\t<div class=\"wpb_wrapper\">\n\t\t\t<p>Share your passion for Englemond creations with your friends<\/p>\n\n\t\t<\/div>\n\t<\/div>\n<div class=\"vc_btn3-container  btnPartage vc_btn3-center\" ><button class=\"vc_general vc_btn3 vc_btn3-size-md vc_btn3-shape-rounded vc_btn3-style-modern vc_btn3-color-grey\">SHARE THE SITE<\/button><\/div><\/div><\/div><\/div><\/div><\/div><\/div><\/div><div class=\"wpb_column vc_column_container vc_col-sm-12\"><div class=\"vc_column-inner\"><div class=\"wpb_wrapper\"><\/div><\/div><\/div><\/div>","protected":false},"excerpt":{"rendered":"Des cr\u00e9ations originales Fruit d'un savoir-faire unique garant d'une qualit\u00e9 sans failles Chacune de nos cr\u00e9ations originales provient uniquement de notre atelier parisien. Notre savoir-faire unique nous permet de garantir un niveau de qualit\u00e9, de d\u00e9tail et d\u2019exigence propre \u00e0 notre maison Chacune de nos restaurations pr\u00e9serve l'\u00e2me de votre bijou La maison propose un [...]","protected":false},"author":1,"featured_media":0,"parent":0,"menu_order":0,"comment_status":"closed","ping_status":"closed","template":"","meta":[],"yoast_head":"<!-- This site is optimized with the Yoast SEO plugin v20.5 - https:\/\/yoast.com\/wordpress\/plugins\/seo\/ -->\n<title>L\u2019atelier - Englemond<\/title>\n<meta name=\"robots\" content=\"index, follow, max-snippet:-1, max-image-preview:large, max-video-preview:-1\" \/>\n<link rel=\"canonical\" href=\"https:\/\/englemond.com\/en\/latelier\/\" \/>\n<meta property=\"og:locale\" content=\"en_GB\" \/>\n<meta property=\"og:type\" content=\"article\" \/>\n<meta property=\"og:title\" content=\"L\u2019atelier - Englemond\" \/>\n<meta property=\"og:url\" content=\"https:\/\/englemond.com\/en\/latelier\/\" \/>\n<meta property=\"og:site_name\" content=\"Englemond\" \/>\n<meta property=\"article:publisher\" content=\"https:\/\/www.facebook.com\/profile.php?id=100065326867386\" \/>\n<meta property=\"article:modified_time\" content=\"2023-01-16T17:51:23+00:00\" \/>\n<meta property=\"og:image\" content=\"https:\/\/englemond.com\/wp-content\/themes\/englemond\/img\/createur1.svg\" \/>\n<meta name=\"twitter:card\" content=\"summary_large_image\" \/>\n<meta name=\"twitter:label1\" content=\"Estimated reading time\" \/>\n\t<meta name=\"twitter:data1\" content=\"4 minutes\" \/>\n<script type=\"application\/ld+json\" class=\"yoast-schema-graph\">{\"@context\":\"https:\/\/schema.org\",\"@graph\":[{\"@type\":\"WebPage\",\"@id\":\"https:\/\/englemond.com\/latelier\/\",\"url\":\"https:\/\/englemond.com\/latelier\/\",\"name\":\"L\u2019atelier - Englemond\",\"isPartOf\":{\"@id\":\"https:\/\/englemond.com\/#website\"},\"datePublished\":\"2020-11-27T17:19:45+00:00\",\"dateModified\":\"2023-01-16T17:51:23+00:00\",\"breadcrumb\":{\"@id\":\"https:\/\/englemond.com\/latelier\/#breadcrumb\"},\"inLanguage\":\"en-GB\",\"potentialAction\":[{\"@type\":\"ReadAction\",\"target\":[\"https:\/\/englemond.com\/latelier\/\"]}]},{\"@type\":\"BreadcrumbList\",\"@id\":\"https:\/\/englemond.com\/latelier\/#breadcrumb\",\"itemListElement\":[{\"@type\":\"ListItem\",\"position\":1,\"name\":\"Home\",\"item\":\"https:\/\/englemond.com\/\"},{\"@type\":\"ListItem\",\"position\":2,\"name\":\"L\u2019atelier\"}]},{\"@type\":\"WebSite\",\"@id\":\"https:\/\/englemond.com\/#website\",\"url\":\"https:\/\/englemond.com\/\",\"name\":\"Englemond\",\"description\":\"Joaillerie, Bijouterie \u00e0 Paris\",\"publisher\":{\"@id\":\"https:\/\/englemond.com\/#organization\"},\"potentialAction\":[{\"@type\":\"SearchAction\",\"target\":{\"@type\":\"EntryPoint\",\"urlTemplate\":\"https:\/\/englemond.com\/?s={search_term_string}\"},\"query-input\":\"required name=search_term_string\"}],\"inLanguage\":\"en-GB\"},{\"@type\":\"Organization\",\"@id\":\"https:\/\/englemond.com\/#organization\",\"name\":\"Englemond\",\"url\":\"https:\/\/englemond.com\/\",\"logo\":{\"@type\":\"ImageObject\",\"inLanguage\":\"en-GB\",\"@id\":\"https:\/\/englemond.com\/#\/schema\/logo\/image\/\",\"url\":\"https:\/\/englemond.com\/wp-content\/uploads\/2020\/11\/logo.png\",\"contentUrl\":\"https:\/\/englemond.com\/wp-content\/uploads\/2020\/11\/logo.png\",\"width\":224,\"height\":111,\"caption\":\"Englemond\"},\"image\":{\"@id\":\"https:\/\/englemond.com\/#\/schema\/logo\/image\/\"},\"sameAs\":[\"https:\/\/www.facebook.com\/profile.php?id=100065326867386\",\"https:\/\/www.instagram.com\/joailleriedenglemond\/?hl=en\"]}]}<\/script>\n<!-- \/ Yoast SEO plugin. -->","yoast_head_json":{"title":"L\u2019atelier - Englemond","robots":{"index":"index","follow":"follow","max-snippet":"max-snippet:-1","max-image-preview":"max-image-preview:large","max-video-preview":"max-video-preview:-1"},"canonical":"https:\/\/englemond.com\/en\/latelier\/","og_locale":"en_GB","og_type":"article","og_title":"L\u2019atelier - Englemond","og_url":"https:\/\/englemond.com\/en\/latelier\/","og_site_name":"Englemond","article_publisher":"https:\/\/www.facebook.com\/profile.php?id=100065326867386","article_modified_time":"2023-01-16T17:51:23+00:00","og_image":[{"url":"https:\/\/englemond.com\/wp-content\/themes\/englemond\/img\/createur1.svg"}],"twitter_card":"summary_large_image","twitter_misc":{"Estimated reading time":"4 minutes"},"schema":{"@context":"https:\/\/schema.org","@graph":[{"@type":"WebPage","@id":"https:\/\/englemond.com\/latelier\/","url":"https:\/\/englemond.com\/latelier\/","name":"L\u2019atelier - Englemond","isPartOf":{"@id":"https:\/\/englemond.com\/#website"},"datePublished":"2020-11-27T17:19:45+00:00","dateModified":"2023-01-16T17:51:23+00:00","breadcrumb":{"@id":"https:\/\/englemond.com\/latelier\/#breadcrumb"},"inLanguage":"en-GB","potentialAction":[{"@type":"ReadAction","target":["https:\/\/englemond.com\/latelier\/"]}]},{"@type":"BreadcrumbList","@id":"https:\/\/englemond.com\/latelier\/#breadcrumb","itemListElement":[{"@type":"ListItem","position":1,"name":"Home","item":"https:\/\/englemond.com\/"},{"@type":"ListItem","position":2,"name":"L\u2019atelier"}]},{"@type":"WebSite","@id":"https:\/\/englemond.com\/#website","url":"https:\/\/englemond.com\/","name":"Englemond","description":"Joaillerie, Bijouterie \u00e0 Paris","publisher":{"@id":"https:\/\/englemond.com\/#organization"},"potentialAction":[{"@type":"SearchAction","target":{"@type":"EntryPoint","urlTemplate":"https:\/\/englemond.com\/?s={search_term_string}"},"query-input":"required name=search_term_string"}],"inLanguage":"en-GB"},{"@type":"Organization","@id":"https:\/\/englemond.com\/#organization","name":"Englemond","url":"https:\/\/englemond.com\/","logo":{"@type":"ImageObject","inLanguage":"en-GB","@id":"https:\/\/englemond.com\/#\/schema\/logo\/image\/","url":"https:\/\/englemond.com\/wp-content\/uploads\/2020\/11\/logo.png","contentUrl":"https:\/\/englemond.com\/wp-content\/uploads\/2020\/11\/logo.png","width":224,"height":111,"caption":"Englemond"},"image":{"@id":"https:\/\/englemond.com\/#\/schema\/logo\/image\/"},"sameAs":["https:\/\/www.facebook.com\/profile.php?id=100065326867386","https:\/\/www.instagram.com\/joailleriedenglemond\/?hl=en"]}]}},"_links":{"self":[{"href":"https:\/\/englemond.com\/en\/wp-json\/wp\/v2\/pages\/18"}],"collection":[{"href":"https:\/\/englemond.com\/en\/wp-json\/wp\/v2\/pages"}],"about":[{"href":"https:\/\/englemond.com\/en\/wp-json\/wp\/v2\/types\/page"}],"author":[{"embeddable":true,"href":"https:\/\/englemond.com\/en\/wp-json\/wp\/v2\/users\/1"}],"replies":[{"embeddable":true,"href":"https:\/\/englemond.com\/en\/wp-json\/wp\/v2\/comments?post=18"}],"version-history":[{"count":146,"href":"https:\/\/englemond.com\/en\/wp-json\/wp\/v2\/pages\/18\/revisions"}],"predecessor-version":[{"id":4704,"href":"https:\/\/englemond.com\/en\/wp-json\/wp\/v2\/pages\/18\/revisions\/4704"}],"wp:attachment":[{"href":"https:\/\/englemond.com\/en\/wp-json\/wp\/v2\/media?parent=18"}],"curies":[{"name":"wp","href":"https:\/\/api.w.org\/{rel}","templated":true}]}}