{"id":12,"date":"2020-11-27T18:18:42","date_gmt":"2020-11-27T17:18:42","guid":{"rendered":"https:\/\/englemond.com\/?page_id=12"},"modified":"2023-02-06T13:21:15","modified_gmt":"2023-02-06T12:21:15","slug":"la-maison","status":"publish","type":"page","link":"https:\/\/englemond.com\/en\/la-maison\/","title":{"rendered":"Our house"},"content":{"rendered":"<div style=\"margin-top: 0px; margin-bottom: 0px;\" class=\"sharethis-inline-share-buttons\" ><\/div><div data-vc-full-width=\"true\" data-vc-full-width-init=\"false\" class=\"vc_row wpb_row vc_row-fluid bannerMaison vc_custom_1673632680757 vc_row-has-fill\"><div class=\"wpb_column vc_column_container vc_col-sm-12\"><div class=\"vc_column-inner\"><div class=\"wpb_wrapper\"><div class=\"vc_row wpb_row vc_inner vc_row-fluid container vc_row-o-content-middle vc_row-flex\"><div class=\"bannerDescription wpb_column vc_column_container vc_col-sm-6\"><div class=\"vc_column-inner\"><div class=\"wpb_wrapper\"><h1 style=\"text-align: left;font-family:Abril Fatface;font-weight:400;font-style:normal\" class=\"vc_custom_heading bannerTitle\" >The House of England<\/h1>\n\t<div class=\"wpb_text_column wpb_content_element  bannerDescription\" >\n\t\t<div class=\"wpb_wrapper\">\n\t\t\t<p>original creations<\/p>\n\n\t\t<\/div>\n\t<\/div>\n<\/div><\/div><\/div><div class=\"bannerPicture wpb_column vc_column_container vc_col-sm-6\"><div class=\"vc_column-inner\"><div class=\"wpb_wrapper\">\n\t<div  class=\"wpb_single_image wpb_content_element vc_align_left\">\n\t\t\n\t\t<figure class=\"wpb_wrapper vc_figure\">\n\t\t\t<div class=\"vc_single_image-wrapper   vc_box_border_grey\"><img width=\"2287\" height=\"1271\" src=\"https:\/\/englemond.com\/wp-content\/uploads\/2022\/07\/Tentation-1A.jpg\" class=\"vc_single_image-img attachment-full\" alt=\"\" decoding=\"async\" loading=\"lazy\" srcset=\"https:\/\/englemond.com\/wp-content\/uploads\/2022\/07\/Tentation-1A.jpg 2287w, https:\/\/englemond.com\/wp-content\/uploads\/2022\/07\/Tentation-1A-300x167.jpg 300w, https:\/\/englemond.com\/wp-content\/uploads\/2022\/07\/Tentation-1A-1024x569.jpg 1024w, https:\/\/englemond.com\/wp-content\/uploads\/2022\/07\/Tentation-1A-768x427.jpg 768w, https:\/\/englemond.com\/wp-content\/uploads\/2022\/07\/Tentation-1A-1536x854.jpg 1536w, https:\/\/englemond.com\/wp-content\/uploads\/2022\/07\/Tentation-1A-2048x1138.jpg 2048w, https:\/\/englemond.com\/wp-content\/uploads\/2022\/07\/Tentation-1A-255x142.jpg 255w\" sizes=\"(max-width: 2287px) 100vw, 2287px\" \/><\/div>\n\t\t<\/figure>\n\t<\/div>\n<\/div><\/div><\/div><\/div><\/div><\/div><\/div><\/div><div class=\"vc_row-full-width vc_clearfix\"><\/div><div class=\"vc_row wpb_row vc_row-fluid contentMaison\"><div class=\"wpb_column vc_column_container vc_col-sm-12\"><div class=\"vc_column-inner\"><div class=\"wpb_wrapper\"><div class=\"vc_row wpb_row vc_inner vc_row-fluid container vc_custom_1608766013978 vc_row-has-fill\"><div class=\"leftContentMaison wpb_column vc_column_container vc_col-sm-6 vc_col-has-fill\"><div class=\"vc_column-inner vc_custom_1608765945937\"><div class=\"wpb_wrapper\">\n\t<div  class=\"wpb_single_image wpb_content_element vc_align_left  vc_custom_1656781345025  contentPicture\">\n\t\t\n\t\t<figure class=\"wpb_wrapper vc_figure\">\n\t\t\t<div class=\"vc_single_image-wrapper   vc_box_border_grey\"><img width=\"2560\" height=\"1920\" src=\"https:\/\/englemond.com\/wp-content\/uploads\/2022\/07\/Vitrine-2022-05-B-scaled.jpg\" class=\"vc_single_image-img attachment-full\" alt=\"\" decoding=\"async\" loading=\"lazy\" srcset=\"https:\/\/englemond.com\/wp-content\/uploads\/2022\/07\/Vitrine-2022-05-B-scaled.jpg 2560w, https:\/\/englemond.com\/wp-content\/uploads\/2022\/07\/Vitrine-2022-05-B-300x225.jpg 300w, https:\/\/englemond.com\/wp-content\/uploads\/2022\/07\/Vitrine-2022-05-B-1024x768.jpg 1024w, https:\/\/englemond.com\/wp-content\/uploads\/2022\/07\/Vitrine-2022-05-B-768x576.jpg 768w, https:\/\/englemond.com\/wp-content\/uploads\/2022\/07\/Vitrine-2022-05-B-1536x1152.jpg 1536w, https:\/\/englemond.com\/wp-content\/uploads\/2022\/07\/Vitrine-2022-05-B-2048x1536.jpg 2048w, https:\/\/englemond.com\/wp-content\/uploads\/2022\/07\/Vitrine-2022-05-B-255x191.jpg 255w\" sizes=\"(max-width: 2560px) 100vw, 2560px\" \/><\/div>\n\t\t<\/figure>\n\t<\/div>\n<h2 style=\"text-align: left;font-family:Abril Fatface;font-weight:400;font-style:normal\" class=\"vc_custom_heading\" >Know-how acquired and transmitted since 1984<\/h2>\n\t<div class=\"wpb_text_column wpb_content_element  contentDescription\" >\n\t\t<div class=\"wpb_wrapper\">\n\t\t\t<p>A know-how acquired since 1984 has enabled us to combine ancestral methods and new technologies.<\/p>\n\n\t\t<\/div>\n\t<\/div>\n\n\t<div class=\"wpb_text_column wpb_content_element  contentDescription\" >\n\t\t<div class=\"wpb_wrapper\">\n\t\t\t<p>Our added value, elegance and rarity, are the hallmarks of each of our creations, which we cultivate to perpetuate the values \u200b\u200bof our house.<\/p>\n\n\t\t<\/div>\n\t<\/div>\n<\/div><\/div><\/div><div class=\"rightContentMaison wpb_column vc_column_container vc_col-sm-6\"><div class=\"vc_column-inner\"><div class=\"wpb_wrapper\"><h1 style=\"text-align: left;font-family:Abril Fatface;font-weight:400;font-style:normal\" class=\"vc_custom_heading\" >Founded in 1956<\/h1><h4 style=\"text-align: left;font-family:Abril Fatface;font-weight:400;font-style:normal\" class=\"vc_custom_heading\" >The Englemond House<\/h4>\n\t<div class=\"wpb_text_column wpb_content_element  contentDescription1\" >\n\t\t<div class=\"wpb_wrapper\">\n\t\t\t<p>The embodiment of French craftsmanship while having the ability to redefine and modernize your jewelry.<\/p>\n\n\t\t<\/div>\n\t<\/div>\n\n\t<div class=\"wpb_text_column wpb_content_element  contentDescription2\" >\n\t\t<div class=\"wpb_wrapper\">\n\t\t\t<p>Located in the 16th arrondissement of Paris, La Joaillerie d'Englemond reflects the passion of the creator as well as of his jeweler and setter collaborators.<\/p>\n\n\t\t<\/div>\n\t<\/div>\n\n\t<div class=\"wpb_text_column wpb_content_element  contentDescription2\" >\n\t\t<div class=\"wpb_wrapper\">\n\t\t\t<p>Official supplier of VIP cards for the port of Saint-Tropez since 2010.<\/p>\n\n\t\t<\/div>\n\t<\/div>\n\n\t<div class=\"wpb_raw_code wpb_content_element wpb_raw_html vc_custom_1663076694276 contentVideo\" >\n\t\t<div class=\"wpb_wrapper\">\n\t\t\t<video width=\"625\" height=\"420\" controls>\n    <source src=\"https:\/\/englemond.rdmc.dev\/wp-content\/themes\/englemond\/inc\/Bezoom-2-ST.m4v#t=2\">\n    Votre navigateur ne supporte pas la lecture de cette video.\n<\/video>\n\t\t<\/div>\n\t<\/div>\n<\/div><\/div><\/div><\/div><\/div><\/div><\/div><\/div><div class=\"vc_row wpb_row vc_row-fluid bannerIdee vc_custom_1609101722991 vc_row-has-fill\"><div class=\"wpb_column vc_column_container vc_col-sm-12\"><div class=\"vc_column-inner\"><div class=\"wpb_wrapper\"><h4 style=\"text-align: center;font-family:Playfair Display;font-weight:400;font-style:normal\" class=\"vc_custom_heading vc_custom_1608800871673\" >You have an idea, an inspiration<\/h4>\n\t<div class=\"wpb_text_column wpb_content_element  vc_custom_1670319565791\" >\n\t\t<div class=\"wpb_wrapper\">\n\t\t\t<p>We can create a unique piece<br \/>\naccording to your wishes<\/p>\n\n\t\t<\/div>\n\t<\/div>\n<div class=\"vc_btn3-container  btn-contacter-nous vc_btn3-center\" ><a class=\"vc_general vc_btn3 vc_btn3-size-md vc_btn3-shape-square vc_btn3-style-modern vc_btn3-color-grey\" href=\"https:\/\/englemond.com\/en\/contactez-nous\/\" title=\"CONTACT US\">CONTACT US<\/a><\/div><\/div><\/div><\/div><\/div>","protected":false},"excerpt":{"rendered":"La Maison d'Englemond Des cr\u00e9ations originales Un savoir-faire acquis et transmis depuis 1984 Un savoir-faire acquis depuis 1984 nous a permis de m\u00ealer m\u00e9thodes ancestrales et nouvelles technologies. Notre valeur ajout\u00e9e, \u00e9l\u00e9gance et raret\u00e9, sont les ma\u00eetres mots de chacune de nos cr\u00e9ations, que nous cultivons pour perp\u00e9tuer les valeurs de notre maison. Fond\u00e9e en [...]","protected":false},"author":1,"featured_media":0,"parent":0,"menu_order":0,"comment_status":"closed","ping_status":"closed","template":"","meta":[],"yoast_head":"<!-- This site is optimized with the Yoast SEO plugin v20.5 - https:\/\/yoast.com\/wordpress\/plugins\/seo\/ -->\n<title>La maison - Englemond<\/title>\n<meta name=\"robots\" content=\"index, follow, max-snippet:-1, max-image-preview:large, max-video-preview:-1\" \/>\n<link rel=\"canonical\" href=\"https:\/\/englemond.com\/en\/la-maison\/\" \/>\n<meta property=\"og:locale\" content=\"en_GB\" \/>\n<meta property=\"og:type\" content=\"article\" \/>\n<meta property=\"og:title\" content=\"La maison - Englemond\" \/>\n<meta property=\"og:url\" content=\"https:\/\/englemond.com\/en\/la-maison\/\" \/>\n<meta property=\"og:site_name\" content=\"Englemond\" \/>\n<meta property=\"article:publisher\" content=\"https:\/\/www.facebook.com\/profile.php?id=100065326867386\" \/>\n<meta property=\"article:modified_time\" content=\"2023-02-06T12:21:15+00:00\" \/>\n<meta name=\"twitter:card\" content=\"summary_large_image\" \/>\n<meta name=\"twitter:label1\" content=\"Estimated reading time\" \/>\n\t<meta name=\"twitter:data1\" content=\"3 minutes\" \/>\n<script type=\"application\/ld+json\" class=\"yoast-schema-graph\">{\"@context\":\"https:\/\/schema.org\",\"@graph\":[{\"@type\":\"WebPage\",\"@id\":\"https:\/\/englemond.com\/la-maison\/\",\"url\":\"https:\/\/englemond.com\/la-maison\/\",\"name\":\"La maison - Englemond\",\"isPartOf\":{\"@id\":\"https:\/\/englemond.com\/#website\"},\"datePublished\":\"2020-11-27T17:18:42+00:00\",\"dateModified\":\"2023-02-06T12:21:15+00:00\",\"breadcrumb\":{\"@id\":\"https:\/\/englemond.com\/la-maison\/#breadcrumb\"},\"inLanguage\":\"en-GB\",\"potentialAction\":[{\"@type\":\"ReadAction\",\"target\":[\"https:\/\/englemond.com\/la-maison\/\"]}]},{\"@type\":\"BreadcrumbList\",\"@id\":\"https:\/\/englemond.com\/la-maison\/#breadcrumb\",\"itemListElement\":[{\"@type\":\"ListItem\",\"position\":1,\"name\":\"Home\",\"item\":\"https:\/\/englemond.com\/\"},{\"@type\":\"ListItem\",\"position\":2,\"name\":\"La maison\"}]},{\"@type\":\"WebSite\",\"@id\":\"https:\/\/englemond.com\/#website\",\"url\":\"https:\/\/englemond.com\/\",\"name\":\"Englemond\",\"description\":\"Joaillerie, Bijouterie \u00e0 Paris\",\"publisher\":{\"@id\":\"https:\/\/englemond.com\/#organization\"},\"potentialAction\":[{\"@type\":\"SearchAction\",\"target\":{\"@type\":\"EntryPoint\",\"urlTemplate\":\"https:\/\/englemond.com\/?s={search_term_string}\"},\"query-input\":\"required name=search_term_string\"}],\"inLanguage\":\"en-GB\"},{\"@type\":\"Organization\",\"@id\":\"https:\/\/englemond.com\/#organization\",\"name\":\"Englemond\",\"url\":\"https:\/\/englemond.com\/\",\"logo\":{\"@type\":\"ImageObject\",\"inLanguage\":\"en-GB\",\"@id\":\"https:\/\/englemond.com\/#\/schema\/logo\/image\/\",\"url\":\"https:\/\/englemond.com\/wp-content\/uploads\/2020\/11\/logo.png\",\"contentUrl\":\"https:\/\/englemond.com\/wp-content\/uploads\/2020\/11\/logo.png\",\"width\":224,\"height\":111,\"caption\":\"Englemond\"},\"image\":{\"@id\":\"https:\/\/englemond.com\/#\/schema\/logo\/image\/\"},\"sameAs\":[\"https:\/\/www.facebook.com\/profile.php?id=100065326867386\",\"https:\/\/www.instagram.com\/joailleriedenglemond\/?hl=en\"]}]}<\/script>\n<!-- \/ Yoast SEO plugin. -->","yoast_head_json":{"title":"La maison - Englemond","robots":{"index":"index","follow":"follow","max-snippet":"max-snippet:-1","max-image-preview":"max-image-preview:large","max-video-preview":"max-video-preview:-1"},"canonical":"https:\/\/englemond.com\/en\/la-maison\/","og_locale":"en_GB","og_type":"article","og_title":"La maison - Englemond","og_url":"https:\/\/englemond.com\/en\/la-maison\/","og_site_name":"Englemond","article_publisher":"https:\/\/www.facebook.com\/profile.php?id=100065326867386","article_modified_time":"2023-02-06T12:21:15+00:00","twitter_card":"summary_large_image","twitter_misc":{"Estimated reading time":"3 minutes"},"schema":{"@context":"https:\/\/schema.org","@graph":[{"@type":"WebPage","@id":"https:\/\/englemond.com\/la-maison\/","url":"https:\/\/englemond.com\/la-maison\/","name":"La maison - Englemond","isPartOf":{"@id":"https:\/\/englemond.com\/#website"},"datePublished":"2020-11-27T17:18:42+00:00","dateModified":"2023-02-06T12:21:15+00:00","breadcrumb":{"@id":"https:\/\/englemond.com\/la-maison\/#breadcrumb"},"inLanguage":"en-GB","potentialAction":[{"@type":"ReadAction","target":["https:\/\/englemond.com\/la-maison\/"]}]},{"@type":"BreadcrumbList","@id":"https:\/\/englemond.com\/la-maison\/#breadcrumb","itemListElement":[{"@type":"ListItem","position":1,"name":"Home","item":"https:\/\/englemond.com\/"},{"@type":"ListItem","position":2,"name":"La maison"}]},{"@type":"WebSite","@id":"https:\/\/englemond.com\/#website","url":"https:\/\/englemond.com\/","name":"Englemond","description":"Joaillerie, Bijouterie \u00e0 Paris","publisher":{"@id":"https:\/\/englemond.com\/#organization"},"potentialAction":[{"@type":"SearchAction","target":{"@type":"EntryPoint","urlTemplate":"https:\/\/englemond.com\/?s={search_term_string}"},"query-input":"required name=search_term_string"}],"inLanguage":"en-GB"},{"@type":"Organization","@id":"https:\/\/englemond.com\/#organization","name":"Englemond","url":"https:\/\/englemond.com\/","logo":{"@type":"ImageObject","inLanguage":"en-GB","@id":"https:\/\/englemond.com\/#\/schema\/logo\/image\/","url":"https:\/\/englemond.com\/wp-content\/uploads\/2020\/11\/logo.png","contentUrl":"https:\/\/englemond.com\/wp-content\/uploads\/2020\/11\/logo.png","width":224,"height":111,"caption":"Englemond"},"image":{"@id":"https:\/\/englemond.com\/#\/schema\/logo\/image\/"},"sameAs":["https:\/\/www.facebook.com\/profile.php?id=100065326867386","https:\/\/www.instagram.com\/joailleriedenglemond\/?hl=en"]}]}},"_links":{"self":[{"href":"https:\/\/englemond.com\/en\/wp-json\/wp\/v2\/pages\/12"}],"collection":[{"href":"https:\/\/englemond.com\/en\/wp-json\/wp\/v2\/pages"}],"about":[{"href":"https:\/\/englemond.com\/en\/wp-json\/wp\/v2\/types\/page"}],"author":[{"embeddable":true,"href":"https:\/\/englemond.com\/en\/wp-json\/wp\/v2\/users\/1"}],"replies":[{"embeddable":true,"href":"https:\/\/englemond.com\/en\/wp-json\/wp\/v2\/comments?post=12"}],"version-history":[{"count":138,"href":"https:\/\/englemond.com\/en\/wp-json\/wp\/v2\/pages\/12\/revisions"}],"predecessor-version":[{"id":4755,"href":"https:\/\/englemond.com\/en\/wp-json\/wp\/v2\/pages\/12\/revisions\/4755"}],"wp:attachment":[{"href":"https:\/\/englemond.com\/en\/wp-json\/wp\/v2\/media?parent=12"}],"curies":[{"name":"wp","href":"https:\/\/api.w.org\/{rel}","templated":true}]}}